{"id":4264,"date":"2018-09-07T11:34:21","date_gmt":"2018-09-07T10:34:21","guid":{"rendered":"https:\/\/championsacademy.ch\/politique-de-confidentialite\/"},"modified":"2020-07-06T09:52:26","modified_gmt":"2020-07-06T08:52:26","slug":"privacy-policy","status":"publish","type":"page","link":"https:\/\/championsacademy.ch\/en\/privacy-policy\/","title":{"rendered":"Politique de confidentialit\u00e9"},"content":{"rendered":"<p><strong>Politique de confidentialit\u00e9<\/strong><\/p>\n<ol>\n<li><strong> INTRODUCTION<\/strong><\/li>\n<\/ol>\n<p>En acc\u00e9dant \u00e0 notre site Internet et\/ou en souscrivant un abonnement au sein de notre \u00e9tablissement, vous \u00eates susceptible de nous fournir des donn\u00e9es telles qu\u2019entre autres&nbsp;: votre nom et pr\u00e9nom (personne physique), raison sociale (personne morale), adresse de r\u00e9sidence et de domicile ou encore votre adresse postale,ou de votre si\u00e8ge social, votre adresse e-mail, votre profession et statut professionnel (salari\u00e9 ou ind\u00e9pendant), votre fonction au sein de votre entreprise, votre \u00e2ge et sexe ainsi que l\u2019adresse IP \u00e0 partir de laquelle vous vous \u00eates connect\u00e9 \u00e0 internet.<\/p>\n<p>Or, ces donn\u00e9es et leur traitement sont prot\u00e9g\u00e9s par le nouveau R\u00e8glement G\u00e9n\u00e9ral sur la Protection des Donn\u00e9es de l\u2019Union europ\u00e9enne (ci-apr\u00e8s&nbsp;: \u00ab&nbsp;<strong>RGPD<\/strong>&nbsp;\u00bb) entr\u00e9 en vigueur le 25&nbsp;mai&nbsp;2018.<\/p>\n<p>La protection des donn\u00e9es est une pr\u00e9occupation essentielle pour nous. Cette d\u00e9claration de confidentialit\u00e9 a pour objectif de vous informer sur les donn\u00e9es que nous traitons et de vous aider \u00e0 comprendre l\u2019usage que nous pouvons faire de ces donn\u00e9es que vous nous fournissez volontairement en tant qu\u2019utilisateur de notre site ou lorsque vous communiquez avec nous de toute autre mani\u00e8re.<\/p>\n<ol start=\"2\">\n<li><strong> BASES L\u00c9GALES<\/strong><\/li>\n<\/ol>\n<p>La pr\u00e9sente d\u00e9claration de confidentialit\u00e9 repose sur le RGPD.<\/p>\n<ol start=\"3\">\n<li><strong> MISE A JOUR<\/strong><\/li>\n<\/ol>\n<p>Notre politique de confidentialit\u00e9 peut n\u00e9cessiter des mises \u00e0 jour p\u00e9riodiques, notamment dans le cadre de l\u2019\u00e9volution du cadre l\u00e9gal ou r\u00e9glementaire en mati\u00e8re de protection de donn\u00e9es. Nous vous invitons \u00e0 v\u00e9rifier cette page r\u00e9guli\u00e8rement pour vous assurer d\u2019avoir pris connaissance de la version la plus r\u00e9cente.<\/p>\n<p>Derni\u00e8re mise \u00e0 jour&nbsp;:31 ao\u00fbt 2018<\/p>\n<ol start=\"4\">\n<li><strong> URL DE NOTRE SITE<\/strong><\/li>\n<\/ol>\n<p>https:\/\/countryclubgeneva.ch\/<\/p>\n<ol start=\"5\">\n<li><strong> D\u00c9FINITIONS<\/strong><\/li>\n<\/ol>\n<p><strong>Adresse IP<\/strong><\/p>\n<p>L\u2019adresse IP est un num\u00e9ro d&#8217;identification qui est attribu\u00e9 de fa\u00e7on permanente ou provisoire \u00e0 chaque branchement \u00e0 un r\u00e9seau informatique.<\/p>\n<p><strong>Donn\u00e9es \u00e0 caract\u00e8re personnel<\/strong><\/p>\n<p>Les donn\u00e9es dites \u00e0 caract\u00e8re personnel sont des donn\u00e9es qui peuvent \u00eatre utilis\u00e9es pour vous identifier ou que nous pouvons associer \u00e0 vous. Elles comprennent toute information se rapportant \u00e0 une personne physique ou morale identifi\u00e9e ou identifiable (par regroupement d\u2019informations).Ces donn\u00e9es comprennent notamment et \u00e0 titre exemplatif le nom, le pr\u00e9nom, l\u2019adresse postale, le domicile ou la r\u00e9sidence, la raison sociale, le si\u00e8ge social, l\u2019e-mail, le num\u00e9ro de t\u00e9l\u00e9phone, l\u2019\u00e2ge, la profession, le statut professionnel, ou encore la position occup\u00e9e au sein d\u2019une entreprise, etc.<\/p>\n<p><strong>Consentement<\/strong><\/p>\n<p>C\u2019est l\u2019action par laquelle une personne physique ou morale accepte la collecte et le traitement de ses donn\u00e9es personnelles apr\u00e8s avoir \u00e9t\u00e9 inform\u00e9e clairement de la finalit\u00e9 du traitement.<\/p>\n<p><strong>Cookies<\/strong><\/p>\n<p>Un cookie d\u00e9signe un fichier texte que le site que vous visitez enregistre sur le disque dur ou dans la m\u00e9moire du navigateur du poste que vous utilisez pour acc\u00e9der \u00e0 internet. Un cookie permet \u00e0 votre ordinateur de stocker diff\u00e9rentes donn\u00e9es techniques permettant le contr\u00f4le g\u00e9n\u00e9ral de l\u2019acc\u00e8s du public \u00e0 un site (nombre de visites, dur\u00e9e de la visite, connexion \u00e0 d\u2019autres sites, etc.) ou la personnalisation des pages affich\u00e9es en vue de vos prochaines interactions avec le m\u00eame site (votre compte, les pages les plus visit\u00e9es, etc.).<\/p>\n<p><strong>Fichier<\/strong><\/p>\n<p>Un fichier est tout ensemble de donn\u00e9es personnelles dont la structure permet de rechercher les donn\u00e9es par personne concern\u00e9e.<\/p>\n<p><strong>Finalit\u00e9 du traitement<\/strong><\/p>\n<p>La finalit\u00e9 du traitement est la raison pour laquelle les donn\u00e9es sont collect\u00e9es et trait\u00e9es.<\/p>\n<p><strong>Personnes concern\u00e9es<\/strong><\/p>\n<p>Toute personne physique ou morale faisant l\u2019objet d\u2019un traitement de donn\u00e9es \u00e0 caract\u00e8re personnel.<\/p>\n<p><strong>Responsable du traitement<\/strong><\/p>\n<p>Le responsable du traitement est la personne physique ou la personne morale pour le compte de laquelle est r\u00e9alis\u00e9 le traitement. Il d\u00e9termine seul ou conjointement les finalit\u00e9s du traitement.<\/p>\n<p><strong>Sous-traitant<\/strong><\/p>\n<p>Le sous-traitant est toute personne physique ou morale, l\u2019autorit\u00e9 publique, le service ou un autre organisme qui traite des donn\u00e9es \u00e0 caract\u00e8re personnel pour le compte du responsable du traitement. Par exemple, un h\u00e9bergeur de site Internet ou un fournisseur de services en ligne notamment pour la messagerie \u00e9lectronique.<\/p>\n<p><strong>Tag<\/strong><\/p>\n<p>Les Tag ou balises HTML sont les \u00e9l\u00e9ments de base du codage HTML d\u2019une page web. Elles sont invisibles pour l\u2019internaute (sauf en activant l\u2019affichage du code source). Elles sont interpr\u00e9t\u00e9es par le navigateur pour la composition de la page.<\/p>\n<p>Elles permettent la mise en forme et la structuration des contenus et certaines sont sp\u00e9cifiquement prises en compte par les algorithmes des moteurs de recherche pour l\u2019\u00e9tablissement du score de la page sur une requ\u00eate et la restitution des r\u00e9sultats.<\/p>\n<p><strong>Traitement<\/strong><\/p>\n<p>Toute op\u00e9ration ou tout ensemble d\u2019op\u00e9rations portant sur des donn\u00e9es \u00e0 caract\u00e8re personnel, effectu\u00e9 ou non \u00e0 l\u2019aide de proc\u00e9d\u00e9s automatis\u00e9s, notamment la collecte, l\u2019enregistrement, l\u2019organisation, l\u2019exploitation, la conservation, l\u2019adaptation, la modification, l\u2019extraction, la consultation, l\u2019utilisation, la communication par transmission, diffusion ou toute autre forme de mise \u00e0 disposition, le rapprochement ou l\u2019interconnexion ainsi que la limitation, l\u2019effacement ou la destruction.<\/p>\n<ol start=\"6\">\n<li><strong> TRAITEMENT DE VOS DONN\u00c9ES<\/strong><\/li>\n<\/ol>\n<p>Nous collectons et traitons uniquement les donn\u00e9es que vous nous transmettez volontairement et pour lesquelles vous consentez explicitement au traitement.<\/p>\n<p><strong>NEWSLETTER<\/strong><\/p>\n<p>Vous avez la possibilit\u00e9 de recevoir notre newsletter en ins\u00e9rant votre adresse e-mail sur notre site ou en cochant la case correspondante du formulaire d\u2019enregistrement lors du check-in.<\/p>\n<p>Si vous \u00eates inscrit \u00e0 notre newsletter et que vous ne souhaitez plus recevoir nos envois, vous avez la possibilit\u00e9 de vous d\u00e9sinscrire \u00e0 tout moment, pour l\u2019ensemble des envois auxquels vous avez souscrit ou s\u00e9lectivement. Pour proc\u00e9der, il vous suffit de cliquer sur le lien \u00ab&nbsp;se d\u00e9sinscrire&nbsp;\u00bb figurant au bas de la newsletter. Si vous choisissez de vous d\u00e9sinscrire de la totalit\u00e9 de nos envois, vos donn\u00e9es seront automatiquement effac\u00e9es du fichier pr\u00e9vu \u00e0 cet effet.<\/p>\n<ol start=\"7\">\n<li><strong> FINALIT\u00c9S DE TRAITEMENT<\/strong><\/li>\n<\/ol>\n<p>Les donn\u00e9es \u00e0 caract\u00e8re personnel que nous traitons sont utilis\u00e9es dans le cadre de notre relation d\u2019affaires, ou plus g\u00e9n\u00e9ralement pour pouvoir communiquer avec vous, affiner les sujets d\u2019int\u00e9r\u00eats pour vous, vous transmettre des informations qui vous sont pertinentes ainsi que pour maintenir notre liste de contacts et de clients.<\/p>\n<p>En clair, nous traitons vos donn\u00e9es uniquement dans le but de r\u00e9pondre au mieux \u00e0 vos attentes.<\/p>\n<p>Nous ne vendons pas vos donn\u00e9es \u00e0 caract\u00e8re personnel ni ne les rendons disponibles \u00e0 des tiers \u00e0 l\u2019exception des cas o\u00f9 nous utilisons des sous-traitants en vue du traitement des donn\u00e9es.<\/p>\n<p>En collectant certaines de vos donn\u00e9es \u00e0 caract\u00e8re personnel, deux finalit\u00e9s de traitement se distinguent :<\/p>\n<ol>\n<li>Une finalit\u00e9 op\u00e9rationnelle\n<ul>\n<li>R\u00e9pondre aux demandes de contacts ou de renseignements<\/li>\n<\/ul>\n<\/li>\n<li>Une finalit\u00e9 de marketing\n<ul>\n<li>Envoi de newsletters<\/li>\n<li>Envoi d\u2019offres ponctuelles<\/li>\n<\/ul>\n<\/li>\n<\/ol>\n<ol start=\"8\">\n<li><strong> DUR\u00c9E DE CONSERVATION DES DONN\u00c9ES PERSONNELLES<\/strong><\/li>\n<\/ol>\n<p>Vos donn\u00e9es sont conserv\u00e9es dans nos syst\u00e8mes pour la dur\u00e9e n\u00e9cessaire au traitement envisag\u00e9. Au terme du traitement, les donn\u00e9es sont d\u00e9truites.<\/p>\n<ol start=\"9\">\n<li><strong> TRANSFERT DE VOS DONN\u00c9ES<\/strong><\/li>\n<\/ol>\n<p>Pour traiter vos donn\u00e9es, ainsi que pour la maintenance et le support de nos syst\u00e8mes informatiques, nous faisons appel \u00e0 des sous-traitants (fournisseurs de services) bas\u00e9s en majorit\u00e9 dans des pays de l\u2019UE.<\/p>\n<p>Lorsque les serveurs de nos sous-traitants sont situ\u00e9s en dehors de l\u2019UE, nous nous assurons que ceux-ci sont localis\u00e9s dans un \u00e9tat dont la l\u00e9gislation en mati\u00e8re de protection des donn\u00e9es est \u00e9quivalente au RGPD et que nos sous-traitants appliquent des mesures organisationnelles et techniques conformes au RGPD.<\/p>\n<ol start=\"10\">\n<li><strong> MESURES EN MATI\u00c8RE DE PROTECTION DE DONN\u00c9ES<\/strong><\/li>\n<\/ol>\n<p>Nous nous effor\u00e7ons de maintenir un haut niveau de s\u00e9curit\u00e9 lors de la collecte, du traitement et de la conservation des donn\u00e9es en nous appuyant sur des mesures organisationnelles et techniques et en prenant les pr\u00e9cautions n\u00e9cessaires et utiles au regard de la nature des donn\u00e9es personnelles que vous \u00eates susceptible de nous communiquer et des risques pr\u00e9sent\u00e9s par leur traitement afin d\u2019en pr\u00e9server la s\u00e9curit\u00e9 et d\u2019emp\u00eacher notamment qu\u2019elles soient alt\u00e9r\u00e9es, endommag\u00e9es, d\u00e9truites ou que des tiers non autoris\u00e9s y aient acc\u00e8s.<\/p>\n<ol start=\"11\">\n<li><strong> COOKIES <\/strong><\/li>\n<\/ol>\n<p>Ce site utilise Google Analytics, un service d\u2019analyse de sites Internet fourni par Google Inc. Google Analytics utilise des cookies. Les donn\u00e9es g\u00e9n\u00e9r\u00e9es par les cookies concernant votre utilisation du site (y compris votre adresse IP) sont transmises et stock\u00e9es par Google sur des serveurs situ\u00e9s aux Etats-Unis. Google utilise cette information dans le but d\u2019\u00e9valuer votre utilisation du site, de compiler des rapports sur l\u2019activit\u00e9 du site \u00e0 destination de son \u00e9diteur et de fournir d\u2019autres services relatifs \u00e0 l\u2019activit\u00e9 du site et \u00e0 l\u2019utilisation d\u2019Internet. Google est susceptible de communiquer ces donn\u00e9es \u00e0 des tiers en cas d\u2019obligation l\u00e9gale ou lorsque ces tiers traitent ces donn\u00e9es pour le compte de Google. Google ne recoupe pas l\u2019adresse IP de l\u2019utilisateur avec d\u2019autres donn\u00e9es d\u00e9tenues par Google. Vous pouvez d\u00e9sactiver l\u2019utilisation de cookies en s\u00e9lectionnant les param\u00e8tres appropri\u00e9s de votre navigateur. Cependant, une telle d\u00e9sactivation peut emp\u00eacher l\u2019utilisation de certaines fonctionnalit\u00e9s de ce site. En utilisant ce site Internet, vous consentez express\u00e9ment au traitement de vos donn\u00e9es nominatives par Google dans les conditions et pour les finalit\u00e9s d\u00e9crites ci-dessus.<\/p>\n<ol start=\"12\">\n<li><strong> VOS DROITS<\/strong><\/li>\n<\/ol>\n<p><strong>Droit d\u2019information<\/strong><\/p>\n<p>Vous avez le droit d\u2019\u00eatre inform\u00e9s au sujet des donn\u00e9es \u00e0 caract\u00e8re personnel vous concernant,notamment la nature des donn\u00e9es et la finalit\u00e9 du traitement.<\/p>\n<p><strong>Droit d\u2019acc\u00e9der aux donn\u00e9es<\/strong><\/p>\n<p>Vous avez le droit de demander l\u2019acc\u00e8s \u00e0 vos donn\u00e9es \u00e0 tout moment.<\/p>\n<p><strong>Droit de rectification des donn\u00e9es<\/strong><strong>&nbsp;<\/strong><\/p>\n<p>Vous avez le droit de demander la rectification ou la mise \u00e0 jour de vos donn\u00e9es.<\/p>\n<p><strong>Droit \u00e0 l\u2019effacement des donn\u00e9es (Droit \u00e0 l\u2019oubli)<\/strong><\/p>\n<p>Dans le cadre du RGPD, les ressortissants de l\u2019UE peuvent demander l\u2019effacement complet et d\u00e9finitif des donn\u00e9es les concernant.<\/p>\n<p><strong>Droit de limitation du traitement des donn\u00e9es<\/strong><\/p>\n<p>Vous avez le droit de limiter le traitement de vos donn\u00e9es, notamment en ce qui concerne la nature, la finalit\u00e9 et la dur\u00e9e de traitement.<\/p>\n<p><strong>Droit \u00e0 la portabilit\u00e9 des donn\u00e9es (transmises \u00e0 un tiers sur votre instruction)<\/strong><\/p>\n<p>Dans le cadre du RGPD, les ressortissants de l\u2019UE ont le droit de demander que leurs donn\u00e9es soient transmises \u00e0 des tiers.<\/p>\n<p><strong>Droit d\u2019opposition au traitement des donn\u00e9es<\/strong><strong>&nbsp;<\/strong><\/p>\n<p>Vous avez le droit de vous opposer \u00e0 tout moment au traitement de vos donn\u00e9es.<\/p>\n<p><strong>Droit de ne pas \u00eatre soumis \u00e0 une d\u00e9cision individuelle automatis\u00e9e<\/strong><\/p>\n<p>Vous avez le droit de ne pas \u00eatre soumis \u00e0 une d\u00e9cision r\u00e9sultant exclusivement d\u2019un traitement automatis\u00e9 produisant des effets juridiques vous concernant ou vous affectant de mani\u00e8re significative. Le profilage est express\u00e9ment inclus.<\/p>\n<ol start=\"13\">\n<li><strong> EXERCICE DE VOS DROITS &amp; RENSEIGNEMENTS<\/strong><\/li>\n<\/ol>\n<p>Vous pouvez exercer vos droits ou nous demander des renseignements en nous contactant via l\u2019adresse e-mail&nbsp;<a href=\"mailto:DATA.PROTECTION@COUNTRYCLUBGENEVA.CH\">DATA.PROTECTION@COUNTRYCLUBGENEVA.CH<\/a>&nbsp;ou \u00e0 l\u2019aide de notre formulaire de contact ou encore par courrier postal \u00e0 l\u2019adresse indiqu\u00e9e ci-apr\u00e8s. Nous ferons le n\u00e9cessaire pour vous r\u00e9pondre dans les meilleurs d\u00e9lais.<\/p>\n<p><strong>Responsable du traitement:<\/strong>&nbsp;GENEVA COUNTRY CLUB SA<\/p>\n<p><strong>Adresse:<\/strong>&nbsp;47, ROUTE DE COLLEX \u2013 1293 BELLEVUE, SUISSE<\/p>\n<p><strong>T\u00e9l.<\/strong>&nbsp;+41 22 95979 00<\/p>\n<p><strong>E-mail:<\/strong>&nbsp;&nbsp;<a href=\"mailto:DATA.PROTECTION@COUNTRYCLUBGENEVA.CH\">DATA.PROTECTION@COUNTRYCLUBGENEVA.CH<\/a><\/p>\n<p><strong>URL:&nbsp;<\/strong>&nbsp;<a href=\"&nbsp;<a href=\" https:=\"\" countryclubgeneva.ch=\"\" \"=\"\">https:\/\/countryclubgeneva.ch\/<\/a>&#8220;&gt;Politique de confidentialit\u00e9\/<\/p>\n<p>&nbsp;<\/p>\n","protected":false},"excerpt":{"rendered":"<p>Politique de confidentialit\u00e9 INTRODUCTION En acc\u00e9dant \u00e0 notre site Internet et\/ou en souscrivant un abonnement au sein de notre \u00e9tablissement, vous \u00eates susceptible de nous fournir des donn\u00e9es telles qu\u2019entre autres&nbsp;: votre nom et pr\u00e9nom (personne physique), raison sociale (personne morale), adresse de r\u00e9sidence et de domicile ou encore votre [&hellip;]<\/p>\n","protected":false},"author":1,"featured_media":0,"parent":0,"menu_order":0,"comment_status":"closed","ping_status":"closed","template":"","meta":{"footnotes":""},"class_list":["post-4264","page","type-page","status-publish","hentry"],"yoast_head":"<!-- This site is optimized with the Yoast SEO plugin v24.7 - https:\/\/yoast.com\/wordpress\/plugins\/seo\/ -->\n<title>Politique de confidentialit\u00e9 - Country Club Geneva | Champions Academy<\/title>\n<meta name=\"robots\" content=\"index, follow, max-snippet:-1, max-image-preview:large, max-video-preview:-1\" \/>\n<link rel=\"canonical\" href=\"https:\/\/championsacademy.ch\/en\/privacy-policy\/\" \/>\n<meta property=\"og:locale\" content=\"en_US\" \/>\n<meta property=\"og:type\" content=\"article\" \/>\n<meta property=\"og:title\" content=\"Politique de confidentialit\u00e9 - Country Club Geneva | Champions Academy\" \/>\n<meta property=\"og:description\" content=\"Politique de confidentialit\u00e9 INTRODUCTION En acc\u00e9dant \u00e0 notre site Internet et\/ou en souscrivant un abonnement au sein de notre \u00e9tablissement, vous \u00eates susceptible de nous fournir des donn\u00e9es telles qu\u2019entre autres&nbsp;: votre nom et pr\u00e9nom (personne physique), raison sociale (personne morale), adresse de r\u00e9sidence et de domicile ou encore votre [&hellip;]\" \/>\n<meta property=\"og:url\" content=\"https:\/\/championsacademy.ch\/en\/privacy-policy\/\" \/>\n<meta property=\"og:site_name\" content=\"Country Club Geneva | Champions Academy\" \/>\n<meta property=\"article:modified_time\" content=\"2020-07-06T08:52:26+00:00\" \/>\n<meta name=\"twitter:card\" content=\"summary_large_image\" \/>\n<meta name=\"twitter:label1\" content=\"Est. reading time\" \/>\n\t<meta name=\"twitter:data1\" content=\"10 minutes\" \/>\n<script type=\"application\/ld+json\" class=\"yoast-schema-graph\">{\"@context\":\"https:\/\/schema.org\",\"@graph\":[{\"@type\":\"WebPage\",\"@id\":\"https:\/\/championsacademy.ch\/en\/privacy-policy\/\",\"url\":\"https:\/\/championsacademy.ch\/en\/privacy-policy\/\",\"name\":\"Politique de confidentialit\u00e9 - Country Club Geneva | Champions Academy\",\"isPartOf\":{\"@id\":\"https:\/\/championsacademy.ch\/#website\"},\"datePublished\":\"2018-09-07T10:34:21+00:00\",\"dateModified\":\"2020-07-06T08:52:26+00:00\",\"breadcrumb\":{\"@id\":\"https:\/\/championsacademy.ch\/en\/privacy-policy\/#breadcrumb\"},\"inLanguage\":\"en-US\",\"potentialAction\":[{\"@type\":\"ReadAction\",\"target\":[\"https:\/\/championsacademy.ch\/en\/privacy-policy\/\"]}]},{\"@type\":\"BreadcrumbList\",\"@id\":\"https:\/\/championsacademy.ch\/en\/privacy-policy\/#breadcrumb\",\"itemListElement\":[{\"@type\":\"ListItem\",\"position\":1,\"name\":\"Accueil\",\"item\":\"https:\/\/championsacademy.ch\/en\/\"},{\"@type\":\"ListItem\",\"position\":2,\"name\":\"Politique de confidentialit\u00e9\"}]},{\"@type\":\"WebSite\",\"@id\":\"https:\/\/championsacademy.ch\/#website\",\"url\":\"https:\/\/championsacademy.ch\/\",\"name\":\"Country Club Geneva | Champions Academy\",\"description\":\"Summer Camps\",\"potentialAction\":[{\"@type\":\"SearchAction\",\"target\":{\"@type\":\"EntryPoint\",\"urlTemplate\":\"https:\/\/championsacademy.ch\/?s={search_term_string}\"},\"query-input\":{\"@type\":\"PropertyValueSpecification\",\"valueRequired\":true,\"valueName\":\"search_term_string\"}}],\"inLanguage\":\"en-US\"}]}<\/script>\n<!-- \/ Yoast SEO plugin. -->","yoast_head_json":{"title":"Politique de confidentialit\u00e9 - Country Club Geneva | Champions Academy","robots":{"index":"index","follow":"follow","max-snippet":"max-snippet:-1","max-image-preview":"max-image-preview:large","max-video-preview":"max-video-preview:-1"},"canonical":"https:\/\/championsacademy.ch\/en\/privacy-policy\/","og_locale":"en_US","og_type":"article","og_title":"Politique de confidentialit\u00e9 - Country Club Geneva | Champions Academy","og_description":"Politique de confidentialit\u00e9 INTRODUCTION En acc\u00e9dant \u00e0 notre site Internet et\/ou en souscrivant un abonnement au sein de notre \u00e9tablissement, vous \u00eates susceptible de nous fournir des donn\u00e9es telles qu\u2019entre autres&nbsp;: votre nom et pr\u00e9nom (personne physique), raison sociale (personne morale), adresse de r\u00e9sidence et de domicile ou encore votre [&hellip;]","og_url":"https:\/\/championsacademy.ch\/en\/privacy-policy\/","og_site_name":"Country Club Geneva | Champions Academy","article_modified_time":"2020-07-06T08:52:26+00:00","twitter_card":"summary_large_image","twitter_misc":{"Est. reading time":"10 minutes"},"schema":{"@context":"https:\/\/schema.org","@graph":[{"@type":"WebPage","@id":"https:\/\/championsacademy.ch\/en\/privacy-policy\/","url":"https:\/\/championsacademy.ch\/en\/privacy-policy\/","name":"Politique de confidentialit\u00e9 - Country Club Geneva | Champions Academy","isPartOf":{"@id":"https:\/\/championsacademy.ch\/#website"},"datePublished":"2018-09-07T10:34:21+00:00","dateModified":"2020-07-06T08:52:26+00:00","breadcrumb":{"@id":"https:\/\/championsacademy.ch\/en\/privacy-policy\/#breadcrumb"},"inLanguage":"en-US","potentialAction":[{"@type":"ReadAction","target":["https:\/\/championsacademy.ch\/en\/privacy-policy\/"]}]},{"@type":"BreadcrumbList","@id":"https:\/\/championsacademy.ch\/en\/privacy-policy\/#breadcrumb","itemListElement":[{"@type":"ListItem","position":1,"name":"Accueil","item":"https:\/\/championsacademy.ch\/en\/"},{"@type":"ListItem","position":2,"name":"Politique de confidentialit\u00e9"}]},{"@type":"WebSite","@id":"https:\/\/championsacademy.ch\/#website","url":"https:\/\/championsacademy.ch\/","name":"Country Club Geneva | Champions Academy","description":"Summer Camps","potentialAction":[{"@type":"SearchAction","target":{"@type":"EntryPoint","urlTemplate":"https:\/\/championsacademy.ch\/?s={search_term_string}"},"query-input":{"@type":"PropertyValueSpecification","valueRequired":true,"valueName":"search_term_string"}}],"inLanguage":"en-US"}]}},"_links":{"self":[{"href":"https:\/\/championsacademy.ch\/en\/wp-json\/wp\/v2\/pages\/4264","targetHints":{"allow":["GET"]}}],"collection":[{"href":"https:\/\/championsacademy.ch\/en\/wp-json\/wp\/v2\/pages"}],"about":[{"href":"https:\/\/championsacademy.ch\/en\/wp-json\/wp\/v2\/types\/page"}],"author":[{"embeddable":true,"href":"https:\/\/championsacademy.ch\/en\/wp-json\/wp\/v2\/users\/1"}],"replies":[{"embeddable":true,"href":"https:\/\/championsacademy.ch\/en\/wp-json\/wp\/v2\/comments?post=4264"}],"version-history":[{"count":1,"href":"https:\/\/championsacademy.ch\/en\/wp-json\/wp\/v2\/pages\/4264\/revisions"}],"predecessor-version":[{"id":4266,"href":"https:\/\/championsacademy.ch\/en\/wp-json\/wp\/v2\/pages\/4264\/revisions\/4266"}],"wp:attachment":[{"href":"https:\/\/championsacademy.ch\/en\/wp-json\/wp\/v2\/media?parent=4264"}],"curies":[{"name":"wp","href":"https:\/\/api.w.org\/{rel}","templated":true}]}}