{"id":4261,"date":"2016-02-23T15:31:42","date_gmt":"2016-02-23T14:31:42","guid":{"rendered":"https:\/\/championsacademy.ch\/les-sports\/"},"modified":"2024-03-05T11:00:50","modified_gmt":"2024-03-05T10:00:50","slug":"sports","status":"publish","type":"page","link":"https:\/\/championsacademy.ch\/en\/sports\/","title":{"rendered":"Team &#038; Sports"},"content":{"rendered":"<p>[vc_row][vc_column width=&#8221;1\/2&#8243;][vc_column_text css_animation=&#8221;top-to-bottom&#8221;]<\/p>\n<h3>An experienced and qualified team<\/h3>\n<p>Under the supervision of Fr\u00e9d\u00e9ric Bouvier, the Champion Academy team is managed by Philippe Lamur in charge of the tennis school of David Lloyd Country Club Geneva.<\/p>\n<p>It is composed of eight tennis teachers, three for fitness, two for swimming, two for golf, one for padel, one for squash and three specialized educators. They are all qualified and work year-round at the Country Club Geneva.<\/p>\n<p>Depending on the needs, hand-picked sports instructors will complete this team of experts. Not forgetting the exclusive competition of great champions, friends of the Champion Academy.[\/vc_column_text][\/vc_column][vc_column width=&#8221;1\/2&#8243;][vc_tta_tour][vc_tta_section title=&#8221;Tennis&#8221; tab_id=&#8221;1441873848705-137dadc4-4794a1b8-a268&#8243;][vc_row_inner][vc_column_inner][vc_single_image image=&#8221;22734&#8243; img_size=&#8221;358&#215;318&#8243; alignment=&#8221;center&#8221; style=&#8221;vc_box_border&#8221;][vc_column_text]With its unrivalled experience in the practice and teaching of tennis, the Country Club Geneva places its unique know-how, its coaches and its courts at the disposal of the Champion Academy.[\/vc_column_text][\/vc_column_inner][\/vc_row_inner][\/vc_tta_section][vc_tta_section title=&#8221;Padel&#8221; tab_id=&#8221;1441873848772-340367cb-2989a1b8-a268&#8243;][vc_row_inner][vc_column_inner][vc_single_image image=&#8221;22791&#8243; img_size=&#8221;358&#215;318&#8243; alignment=&#8221;center&#8221; style=&#8221;vc_box_border&#8221;][vc_column_text]Playful and easy to practice, padel is the new racket sport to discover. It adapts to the level and physical condition of the players. Only the Country Club Geneva has three indoor courts, making the club the largest indoor centre in Switzerland.[\/vc_column_text][\/vc_column_inner][\/vc_row_inner][\/vc_tta_section][vc_tta_section title=&#8221;Squash&#8221; tab_id=&#8221;1456237815866-e28ebe19-f10a&#8221;][vc_row_inner][vc_column_inner][vc_single_image image=&#8221;115&#8243; img_size=&#8221;358&#215;318&#8243; alignment=&#8221;center&#8221; style=&#8221;vc_box_border&#8221;][vc_column_text css_animation=&#8221;top-to-bottom&#8221;]A demanding physical and tactical sport, squash has the particularity of being taught at the Country Club Geneva by a former world champion, Rady Elyan.[\/vc_column_text][\/vc_column_inner][\/vc_row_inner][\/vc_tta_section][vc_tta_section title=&#8221;Golf&#8221; tab_id=&#8221;1456237982120-6c4bf87c-9224&#8243;][vc_row_inner][vc_column_inner][vc_single_image image=&#8221;22740&#8243; img_size=&#8221;358&#215;318&#8243; alignment=&#8221;center&#8221; style=&#8221;vc_box_border&#8221;][vc_column_text css_animation=&#8221;top-to-bottom&#8221;]A sport of concentration and precision par excellence, golf requires good physical condition, flexibility and good muscle strength. The Country Club Geneva has a driving range and a 5000m2 small game area open all year round, in a very large space with a view of the lake.[\/vc_column_text][\/vc_column_inner][\/vc_row_inner][\/vc_tta_section][vc_tta_section title=&#8221;Team sports&#8221; tab_id=&#8221;1456238015509-86f7a1b8-6bab&#8221;][vc_row_inner][vc_column_inner][vc_single_image image=&#8221;119&#8243; img_size=&#8221;358&#215;318&#8243; alignment=&#8221;center&#8221; style=&#8221;vc_box_border&#8221;][vc_column_text css_animation=&#8221;top-to-bottom&#8221;]Ball sports are also practiced at the Champion Academy with the feet or hands, but always as a team. On the program: volleyball, basketball and football.[\/vc_column_text][\/vc_column_inner][\/vc_row_inner][\/vc_tta_section][vc_tta_section title=&#8221;Swimming&#8221; tab_id=&#8221;1456238021132-5569b799-a158&#8243;][vc_row_inner][vc_column_inner][vc_single_image image=&#8221;22785&#8243; img_size=&#8221;358&#215;318&#8243; alignment=&#8221;center&#8221; style=&#8221;vc_box_border&#8221;][vc_column_text css_animation=&#8221;top-to-bottom&#8221;]The Country Club Geneva swimming school puts its know-how at the service of the Champion Academy, thanks to a vast covered and heated swimming pool with daylight.[\/vc_column_text][\/vc_column_inner][\/vc_row_inner][\/vc_tta_section][\/vc_tta_tour][\/vc_column][\/vc_row]<\/p>\n","protected":false},"excerpt":{"rendered":"<p>[vc_row][vc_column width=&#8221;1\/2&#8243;][vc_column_text css_animation=&#8221;top-to-bottom&#8221;] An experienced and qualified team Under the supervision of Fr\u00e9d\u00e9ric Bouvier, the Champion Academy team is managed by Philippe Lamur in charge of the tennis school of David Lloyd Country Club Geneva. It is composed of eight tennis teachers, three for fitness, two for swimming, two for [&hellip;]<\/p>\n","protected":false},"author":1,"featured_media":0,"parent":0,"menu_order":0,"comment_status":"closed","ping_status":"closed","template":"","meta":{"footnotes":""},"class_list":["post-4261","page","type-page","status-publish","hentry"],"yoast_head":"<!-- This site is optimized with the Yoast SEO plugin v24.7 - https:\/\/yoast.com\/wordpress\/plugins\/seo\/ -->\n<title>Team &amp; Sports - Country Club Geneva | Champions Academy<\/title>\n<meta name=\"description\" content=\"Elle est compos\u00e9e de huit professeurs de le tennis, le fitness, la natation, le golf, le padel, le squash et trois \u00e9ducateurs sp\u00e9cialis\u00e9s.\" \/>\n<meta name=\"robots\" content=\"index, follow, max-snippet:-1, max-image-preview:large, max-video-preview:-1\" \/>\n<link rel=\"canonical\" href=\"https:\/\/championsacademy.ch\/en\/sports\/\" \/>\n<meta property=\"og:locale\" content=\"en_US\" \/>\n<meta property=\"og:type\" content=\"article\" \/>\n<meta property=\"og:title\" content=\"Team &amp; Sports - Country Club Geneva | Champions Academy\" \/>\n<meta property=\"og:description\" content=\"Elle est compos\u00e9e de huit professeurs de le tennis, le fitness, la natation, le golf, le padel, le squash et trois \u00e9ducateurs sp\u00e9cialis\u00e9s.\" \/>\n<meta property=\"og:url\" content=\"https:\/\/championsacademy.ch\/en\/sports\/\" \/>\n<meta property=\"og:site_name\" content=\"Country Club Geneva | Champions Academy\" \/>\n<meta property=\"article:modified_time\" content=\"2024-03-05T10:00:50+00:00\" \/>\n<meta name=\"twitter:card\" content=\"summary_large_image\" \/>\n<meta name=\"twitter:label1\" content=\"Est. reading time\" \/>\n\t<meta name=\"twitter:data1\" content=\"3 minutes\" \/>\n<script type=\"application\/ld+json\" class=\"yoast-schema-graph\">{\"@context\":\"https:\/\/schema.org\",\"@graph\":[{\"@type\":\"WebPage\",\"@id\":\"https:\/\/championsacademy.ch\/en\/sports\/\",\"url\":\"https:\/\/championsacademy.ch\/en\/sports\/\",\"name\":\"Team & Sports - Country Club Geneva | Champions Academy\",\"isPartOf\":{\"@id\":\"https:\/\/championsacademy.ch\/#website\"},\"datePublished\":\"2016-02-23T14:31:42+00:00\",\"dateModified\":\"2024-03-05T10:00:50+00:00\",\"description\":\"Elle est compos\u00e9e de huit professeurs de le tennis, le fitness, la natation, le golf, le padel, le squash et trois \u00e9ducateurs sp\u00e9cialis\u00e9s.\",\"breadcrumb\":{\"@id\":\"https:\/\/championsacademy.ch\/en\/sports\/#breadcrumb\"},\"inLanguage\":\"en-US\",\"potentialAction\":[{\"@type\":\"ReadAction\",\"target\":[\"https:\/\/championsacademy.ch\/en\/sports\/\"]}]},{\"@type\":\"BreadcrumbList\",\"@id\":\"https:\/\/championsacademy.ch\/en\/sports\/#breadcrumb\",\"itemListElement\":[{\"@type\":\"ListItem\",\"position\":1,\"name\":\"Accueil\",\"item\":\"https:\/\/championsacademy.ch\/en\/\"},{\"@type\":\"ListItem\",\"position\":2,\"name\":\"Team &#038; Sports\"}]},{\"@type\":\"WebSite\",\"@id\":\"https:\/\/championsacademy.ch\/#website\",\"url\":\"https:\/\/championsacademy.ch\/\",\"name\":\"Country Club Geneva | Champions Academy\",\"description\":\"Summer Camps\",\"potentialAction\":[{\"@type\":\"SearchAction\",\"target\":{\"@type\":\"EntryPoint\",\"urlTemplate\":\"https:\/\/championsacademy.ch\/?s={search_term_string}\"},\"query-input\":{\"@type\":\"PropertyValueSpecification\",\"valueRequired\":true,\"valueName\":\"search_term_string\"}}],\"inLanguage\":\"en-US\"}]}<\/script>\n<!-- \/ Yoast SEO plugin. -->","yoast_head_json":{"title":"Team & Sports - Country Club Geneva | Champions Academy","description":"Elle est compos\u00e9e de huit professeurs de le tennis, le fitness, la natation, le golf, le padel, le squash et trois \u00e9ducateurs sp\u00e9cialis\u00e9s.","robots":{"index":"index","follow":"follow","max-snippet":"max-snippet:-1","max-image-preview":"max-image-preview:large","max-video-preview":"max-video-preview:-1"},"canonical":"https:\/\/championsacademy.ch\/en\/sports\/","og_locale":"en_US","og_type":"article","og_title":"Team & Sports - Country Club Geneva | Champions Academy","og_description":"Elle est compos\u00e9e de huit professeurs de le tennis, le fitness, la natation, le golf, le padel, le squash et trois \u00e9ducateurs sp\u00e9cialis\u00e9s.","og_url":"https:\/\/championsacademy.ch\/en\/sports\/","og_site_name":"Country Club Geneva | Champions Academy","article_modified_time":"2024-03-05T10:00:50+00:00","twitter_card":"summary_large_image","twitter_misc":{"Est. reading time":"3 minutes"},"schema":{"@context":"https:\/\/schema.org","@graph":[{"@type":"WebPage","@id":"https:\/\/championsacademy.ch\/en\/sports\/","url":"https:\/\/championsacademy.ch\/en\/sports\/","name":"Team & Sports - Country Club Geneva | Champions Academy","isPartOf":{"@id":"https:\/\/championsacademy.ch\/#website"},"datePublished":"2016-02-23T14:31:42+00:00","dateModified":"2024-03-05T10:00:50+00:00","description":"Elle est compos\u00e9e de huit professeurs de le tennis, le fitness, la natation, le golf, le padel, le squash et trois \u00e9ducateurs sp\u00e9cialis\u00e9s.","breadcrumb":{"@id":"https:\/\/championsacademy.ch\/en\/sports\/#breadcrumb"},"inLanguage":"en-US","potentialAction":[{"@type":"ReadAction","target":["https:\/\/championsacademy.ch\/en\/sports\/"]}]},{"@type":"BreadcrumbList","@id":"https:\/\/championsacademy.ch\/en\/sports\/#breadcrumb","itemListElement":[{"@type":"ListItem","position":1,"name":"Accueil","item":"https:\/\/championsacademy.ch\/en\/"},{"@type":"ListItem","position":2,"name":"Team &#038; Sports"}]},{"@type":"WebSite","@id":"https:\/\/championsacademy.ch\/#website","url":"https:\/\/championsacademy.ch\/","name":"Country Club Geneva | Champions Academy","description":"Summer Camps","potentialAction":[{"@type":"SearchAction","target":{"@type":"EntryPoint","urlTemplate":"https:\/\/championsacademy.ch\/?s={search_term_string}"},"query-input":{"@type":"PropertyValueSpecification","valueRequired":true,"valueName":"search_term_string"}}],"inLanguage":"en-US"}]}},"_links":{"self":[{"href":"https:\/\/championsacademy.ch\/en\/wp-json\/wp\/v2\/pages\/4261","targetHints":{"allow":["GET"]}}],"collection":[{"href":"https:\/\/championsacademy.ch\/en\/wp-json\/wp\/v2\/pages"}],"about":[{"href":"https:\/\/championsacademy.ch\/en\/wp-json\/wp\/v2\/types\/page"}],"author":[{"embeddable":true,"href":"https:\/\/championsacademy.ch\/en\/wp-json\/wp\/v2\/users\/1"}],"replies":[{"embeddable":true,"href":"https:\/\/championsacademy.ch\/en\/wp-json\/wp\/v2\/comments?post=4261"}],"version-history":[{"count":6,"href":"https:\/\/championsacademy.ch\/en\/wp-json\/wp\/v2\/pages\/4261\/revisions"}],"predecessor-version":[{"id":22794,"href":"https:\/\/championsacademy.ch\/en\/wp-json\/wp\/v2\/pages\/4261\/revisions\/22794"}],"wp:attachment":[{"href":"https:\/\/championsacademy.ch\/en\/wp-json\/wp\/v2\/media?parent=4261"}],"curies":[{"name":"wp","href":"https:\/\/api.w.org\/{rel}","templated":true}]}}