{"id":4240,"date":"2016-02-23T15:47:22","date_gmt":"2016-02-23T14:47:22","guid":{"rendered":"https:\/\/championsacademy.ch\/programme\/"},"modified":"2026-02-02T11:09:31","modified_gmt":"2026-02-02T10:09:31","slug":"program","status":"publish","type":"page","link":"https:\/\/championsacademy.ch\/en\/program\/","title":{"rendered":"Program"},"content":{"rendered":"<p>[vc_row][vc_column][vc_column_text css_animation=&#8221;top-to-bottom&#8221;]<\/p>\n<h4 style=\"text-align: center;\"><span style=\"color: #ae1072;\"><strong>OPEN TO DAVID LLOYD COUNTRY CLUB GENEVA MEMBERS AND NON-MEMBERS<\/strong><\/span><\/h4>\n<p>[\/vc_column_text][\/vc_column][\/vc_row][vc_row][vc_column][vc_text_separator title=&#8221;ASK FOR THE PROGRAM&#8221; color=&#8221;custom&#8221; accent_color=&#8221;#ae1072&#8243;][\/vc_column][\/vc_row][vc_row][vc_column][vc_text_separator title=&#8221;100% CAMPS&#8221;][vc_tta_accordion active_section=&#8221;&#8221; collapsible_all=&#8221;true&#8221;][vc_tta_section title=&#8221;Rackets &amp; HIIT Sports Camp (from 11 years old)&#8221; tab_id=&#8221;1456242025111-5a162a5a-79dd&#8221;][vc_column_text css_animation=&#8221;top-to-bottom&#8221;]<strong>Monday to Friday<\/strong>:<\/p>\n<ul>\n<li>Welcome option from <strong>8:30 AM to 9:30 AM* <\/strong><\/li>\n<li><strong>9:30 AM &#8211; 12:30 PM<\/strong>: 1.5 hours of tennis and 1.5 hours of padel<\/li>\n<li><strong>12:30 PM &#8211; 1:30 PM<\/strong>: Meal and rest<\/li>\n<li><strong>1:30 PM &#8211; 3:15 PM<\/strong>: Fitness &amp; Fun (boxing, teen&#8217;s training, volleyball, etc.)<\/li>\n<li><strong>3:30 PM &#8211; 4:30 PM<\/strong>: Aqua-Fit<\/li>\n<li><strong>4:45 PM &#8211; 5:00 PM<\/strong>: Snack and departure<\/li>\n<\/ul>\n<p>[\/vc_column_text][\/vc_tta_section][vc_tta_section title=&#8221;Rackets &amp; Fun Sports Camp (from 6 to 10 years old)&#8221; tab_id=&#8221;1456242025159-58117e87-0900&#8243;][vc_column_text css_animation=&#8221;top-to-bottom&#8221;]<strong>Monday to Friday<\/strong>:<\/p>\n<ul>\n<li>Welcome option from <strong>8:30 AM to 9:30 AM* <\/strong><\/li>\n<li><strong>9:30 AM &#8211; 12:30 PM: <\/strong>1.5 hours of tennis and 1.5 hours of padel<\/li>\n<li><strong>12:30 PM &#8211; 1:30 PM: <\/strong>Meal and rest<\/li>\n<li><strong>1:30 PM &#8211; 3:15 PM:<\/strong>Action Sports &amp; Adventures (archery, golf, etc&#8230;)<\/li>\n<li><strong>3:30PM &#8211; 4:30 PM:<\/strong>Aqua-Adventures (underwater hockey course, relay, etc&#8230;)<\/li>\n<li><strong>4:45 PM &#8211; 5:00 PM: <\/strong>Snack and departure<\/li>\n<\/ul>\n<p>[\/vc_column_text][\/vc_tta_section][vc_tta_section title=&#8221;Little Champions Camp (from 3 to 5 years old)&#8221; tab_id=&#8221;1683197932414-06069758-2360&#8243;][vc_column_text css_animation=&#8221;top-to-bottom&#8221;]<strong>Monday to Friday<\/strong>:<\/p>\n<ul>\n<li>Welcome option from <strong>8:30 AM to 9:30 AM* <\/strong><\/li>\n<li><strong>9:30 AM &#8211; 11:30 AM:<\/strong> Mini tennis with breaks for snacks and games<\/li>\n<li><strong>11:30 AM &#8211; 12:30 PM:<\/strong> Play activities with our DL Kid&#8217;s staff<\/li>\n<li><strong>12:30 PM &#8211; 1:30 PM:<\/strong> Meal and rest<\/li>\n<li><strong>1:30 PM &#8211; 2:30 PM:<\/strong> Let&#8217;s Play Adventures<\/li>\n<li><strong>2:30 PM &#8211; 3:30 PM:<\/strong> Aqua-Adventures<\/li>\n<li><strong>3:45 PM &#8211; 4:45 PM:<\/strong> Let&#8217;s Make<\/li>\n<li><strong>4:45 PM &#8211; 5:00 PM<\/strong>: Snack and departure<\/li>\n<\/ul>\n<p>[\/vc_column_text][\/vc_tta_section][vc_tta_section title=&#8221;Rackets &amp; Golf Camp (from 6 years old)&#8221; tab_id=&#8221;1456242134237-2e108ea4-6dfc&#8221;][vc_column_text css_animation=&#8221;top-to-bottom&#8221;]<strong>Monday to Friday<\/strong>:<\/p>\n<ul>\n<li>Welcome option from<strong> 8:30 AM to 9:30 AM* <\/strong><\/li>\n<li><strong>9:30 AM &#8211; 12:30 PM: <\/strong>1.5 hours of tennis and 1.5 hours of padel<\/li>\n<li><strong>12:30 PM &#8211; 1:30 PM: <\/strong>Meal and rest<\/li>\n<li><strong>1:45 PM &#8211; 3:45 PM: <\/strong>Golf, short and long game training (<strong>*4:45 PM on course days<\/strong>)<\/li>\n<li><strong>3:45 PM &#8211; 4:30 PM:<\/strong>Aqua-Fit or Aqua Adventures (depending on age)<\/li>\n<li><strong>4:45 PM &#8211; 5:00 PM: <\/strong>Snack and departure<\/li>\n<\/ul>\n<p>[\/vc_column_text][\/vc_tta_section][\/vc_tta_accordion][\/vc_column][\/vc_row][vc_row][vc_column][vc_text_separator title=&#8221;50% CAMPS&#8221;][vc_tta_accordion active_section=&#8221;&#8221; collapsible_all=&#8221;true&#8221;][vc_tta_section title=&#8221;50% Rackets Camp (from 3 years old) &#8211; mornings&#8221; tab_id=&#8221;1741355507176-bf1a05de-0f79&#8243;][vc_column_text css_animation=&#8221;top-to-bottom&#8221;]<strong>Monday to Friday<\/strong>:<\/p>\n<ul>\n<li>Welcome option from <strong>8:30 AM to 9:30 AM*<\/strong><\/li>\n<li><strong>From 3 to 5 years old : 9:30 AM &#8211; 12:30 PM<\/strong>: Mini tennis with breaks for snacks and games<\/li>\n<li><strong>From 6 years old : 9:30 AM &#8211; 12:30 PM<\/strong>: 1.5 hours of tennis and 1.5 hours of padel<\/li>\n<li><strong>12:30 PM<\/strong>: End of camp or option for a meal with all participants until 1:15 PM<\/li>\n<\/ul>\n<p>[\/vc_column_text][\/vc_tta_section][vc_tta_section title=&#8221;50% Golf Camp (from 6 years old) &#8211; afternoons&#8221; tab_id=&#8221;1741355507186-6881a994-9892&#8243;][vc_column_text css_animation=&#8221;top-to-bottom&#8221;]The 50% golf camp, for all levels, guided by our certified instructors, offers 2 hours of golf as well as 1 hour of Aqua-Fit or Aqua Adventures (depending on age). Twice during the week, participants will put their skills into practice on a 9-hole course at local golf courses.<\/p>\n<p><strong>Monday to Friday<\/strong>:<\/p>\n<ul>\n<li>Option for meal from <strong>12:30 PM to 1:30 PM**<\/strong><\/li>\n<li><strong>1:30 PM &#8211; 3:30 PM<\/strong>: Golf<\/li>\n<li><strong>3:45 PM &#8211; 4:30 PM<\/strong>: Aqua-Fit or Aqua Adventures (depending on age)<\/li>\n<li><strong>4:45 PM &#8211; 5:00 PM<\/strong>: Snack and departure<\/li>\n<\/ul>\n<p>[\/vc_column_text][\/vc_tta_section][vc_tta_section title=&#8221;50% HIIT Sports Camp (from 11 years old) &#8211; afternoons&#8221; tab_id=&#8221;1741355507196-b69fe01e-c9c2&#8243;][vc_column_text css_animation=&#8221;top-to-bottom&#8221;]<strong>Monday to Friday<\/strong>:<\/p>\n<ul>\n<li>Option for meal from <strong>12:30 PM to 1:30 PM**<\/strong><\/li>\n<li><strong>1:30 PM &#8211; 3:30 PM<\/strong>: HIIT Sports (from 11 years old)<\/li>\n<li><strong>3:45 PM &#8211; 4:30PM<\/strong>: Aqua-Fit<\/li>\n<li>\u00a0<strong>4:45 PM &#8211; 5:00 PM<\/strong>: Snack and departure<\/li>\n<\/ul>\n<p>[\/vc_column_text][\/vc_tta_section][vc_tta_section title=&#8221;50% Fun Sports Camp (from 6 years old) &#8211; afternoons&#8221; tab_id=&#8221;1741356907871-38b37891-c44a&#8221;][vc_column_text css_animation=&#8221;top-to-bottom&#8221;]<strong>Monday to Friday<\/strong>:<\/p>\n<ul>\n<li>Option for meal from <strong>12:30 PM to 1:30 PM**<\/strong><\/li>\n<li><strong>1:30 PM &#8211; 3:30 PM<\/strong>:Fun Sports (from 6 years old)<\/li>\n<li><strong>3:45 PM &#8211; 4:30 PM<\/strong>: Aqua-Aventures<\/li>\n<li>\u00a0<strong>4:45 PM &#8211; 5:00 PM<\/strong>: Snack and departure<\/li>\n<\/ul>\n<p>[\/vc_column_text][\/vc_tta_section][vc_tta_section title=&#8221;50% Little Champions Camp (from 3 to 5 years old) &#8211; afternoons&#8221; tab_id=&#8221;1741355507206-dd68d624-a561&#8243;][vc_column_text css_animation=&#8221;top-to-bottom&#8221;]<strong>Monday to Friday<\/strong>:<\/p>\n<ul>\n<li>Option for meal from <strong>12:30 PM to 1:30 PM** <\/strong><\/li>\n<li><strong>1:30 PM &#8211; 2:30 PM<\/strong>: Let&#8217;s Play Adventures<\/li>\n<li><strong>2:30 PM &#8211; 3:30 PM<\/strong>: Aqua-Adventures<\/li>\n<li><strong>3:45 PM &#8211; 4:45 PM<\/strong>: Let&#8217;s Make<\/li>\n<li><strong>4:45 PM &#8211; 5:00 PM<\/strong>: Snack and departure<\/li>\n<\/ul>\n<p>[\/vc_column_text][\/vc_tta_section][\/vc_tta_accordion][vc_text_separator title=&#8221;OPTIONS&#8221;][vc_column_text]*Morning arrival option from 8:30 AM<br data-start=\"3440\" data-end=\"3443\" \/>*<em data-start=\"3444\" data-end=\"3496\" data-is-last-node=\"\">Meal option: Monday to Friday<\/em>[\/vc_column_text][\/vc_column][\/vc_row][vc_row][vc_column][vc_text_separator title=&#8221;DATES OF THE TRAINING COURSES&#8221; color=&#8221;custom&#8221; accent_color=&#8221;#ae1072&#8243;][vc_column_text css_animation=&#8221;top-to-bottom&#8221;]<\/p>\n<h5><\/h5>\n<h5 style=\"text-align: center;\">Easter 2026<\/h5>\n<p style=\"text-align: center;\">From Tuesday 7 to Friday 10 april 2026<\/p>\n<h5 style=\"text-align: center;\">July 2026<\/h5>\n<p style=\"text-align: center;\">From Monday 29 june to Friday 03 July 2026<br \/>\nFrom Monday 06 to Friday 10 July 2026<br \/>\nFrom Monday 13 to Friday 17 July 2026<br \/>\nFrom Monday 20 to Friday 24 July 2026<\/p>\n<h5 style=\"text-align: center;\">August 2026<\/h5>\n<p style=\"text-align: center;\">From Monday 10 to Friday 14 August 2026<\/p>\n<h5 style=\"text-align: center;\">October 2026<\/h5>\n<p style=\"text-align: center;\">From Monday 19 to Friday 23 October 2026<\/p>\n<p>[\/vc_column_text][\/vc_column][\/vc_row]<\/p>\n","protected":false},"excerpt":{"rendered":"<p>[vc_row][vc_column][vc_column_text css_animation=&#8221;top-to-bottom&#8221;] OPEN TO DAVID LLOYD COUNTRY CLUB GENEVA MEMBERS AND NON-MEMBERS [\/vc_column_text][\/vc_column][\/vc_row][vc_row][vc_column][vc_text_separator title=&#8221;ASK FOR THE PROGRAM&#8221; color=&#8221;custom&#8221; accent_color=&#8221;#ae1072&#8243;][\/vc_column][\/vc_row][vc_row][vc_column][vc_text_separator title=&#8221;100% CAMPS&#8221;][vc_tta_accordion active_section=&#8221;&#8221; collapsible_all=&#8221;true&#8221;][vc_tta_section title=&#8221;Rackets &amp; HIIT Sports Camp (from 11 years old)&#8221; tab_id=&#8221;1456242025111-5a162a5a-79dd&#8221;][vc_column_text css_animation=&#8221;top-to-bottom&#8221;]Monday to Friday: Welcome option from 8:30 AM to 9:30 AM* 9:30 AM &#8211; 12:30 PM: 1.5 [&hellip;]<\/p>\n","protected":false},"author":1,"featured_media":0,"parent":0,"menu_order":0,"comment_status":"closed","ping_status":"closed","template":"","meta":{"footnotes":""},"class_list":["post-4240","page","type-page","status-publish","hentry"],"yoast_head":"<!-- This site is optimized with the Yoast SEO plugin v24.7 - https:\/\/yoast.com\/wordpress\/plugins\/seo\/ -->\n<title>Program - Country Club Geneva | Champions Academy<\/title>\n<meta name=\"description\" content=\"\u00c0 la Champions Academy, les camps sont adapt\u00e9s \u00e0 tous les enfants, quels que soient leur \u00e2ge et leur niveau d\u2019exp\u00e9rience.\" \/>\n<meta name=\"robots\" content=\"index, follow, max-snippet:-1, max-image-preview:large, max-video-preview:-1\" \/>\n<link rel=\"canonical\" href=\"https:\/\/championsacademy.ch\/en\/program\/\" \/>\n<meta property=\"og:locale\" content=\"en_US\" \/>\n<meta property=\"og:type\" content=\"article\" \/>\n<meta property=\"og:title\" content=\"Program - Country Club Geneva | Champions Academy\" \/>\n<meta property=\"og:description\" content=\"\u00c0 la Champions Academy, les camps sont adapt\u00e9s \u00e0 tous les enfants, quels que soient leur \u00e2ge et leur niveau d\u2019exp\u00e9rience.\" \/>\n<meta property=\"og:url\" content=\"https:\/\/championsacademy.ch\/en\/program\/\" \/>\n<meta property=\"og:site_name\" content=\"Country Club Geneva | Champions Academy\" \/>\n<meta property=\"article:modified_time\" content=\"2026-02-02T10:09:31+00:00\" \/>\n<meta name=\"twitter:card\" content=\"summary_large_image\" \/>\n<meta name=\"twitter:label1\" content=\"Est. reading time\" \/>\n\t<meta name=\"twitter:data1\" content=\"4 minutes\" \/>\n<script type=\"application\/ld+json\" class=\"yoast-schema-graph\">{\"@context\":\"https:\/\/schema.org\",\"@graph\":[{\"@type\":\"WebPage\",\"@id\":\"https:\/\/championsacademy.ch\/en\/program\/\",\"url\":\"https:\/\/championsacademy.ch\/en\/program\/\",\"name\":\"Program - Country Club Geneva | Champions Academy\",\"isPartOf\":{\"@id\":\"https:\/\/championsacademy.ch\/#website\"},\"datePublished\":\"2016-02-23T14:47:22+00:00\",\"dateModified\":\"2026-02-02T10:09:31+00:00\",\"description\":\"\u00c0 la Champions Academy, les camps sont adapt\u00e9s \u00e0 tous les enfants, quels que soient leur \u00e2ge et leur niveau d\u2019exp\u00e9rience.\",\"breadcrumb\":{\"@id\":\"https:\/\/championsacademy.ch\/en\/program\/#breadcrumb\"},\"inLanguage\":\"en-US\",\"potentialAction\":[{\"@type\":\"ReadAction\",\"target\":[\"https:\/\/championsacademy.ch\/en\/program\/\"]}]},{\"@type\":\"BreadcrumbList\",\"@id\":\"https:\/\/championsacademy.ch\/en\/program\/#breadcrumb\",\"itemListElement\":[{\"@type\":\"ListItem\",\"position\":1,\"name\":\"Accueil\",\"item\":\"https:\/\/championsacademy.ch\/en\/\"},{\"@type\":\"ListItem\",\"position\":2,\"name\":\"Program\"}]},{\"@type\":\"WebSite\",\"@id\":\"https:\/\/championsacademy.ch\/#website\",\"url\":\"https:\/\/championsacademy.ch\/\",\"name\":\"Country Club Geneva | Champions Academy\",\"description\":\"Summer Camps\",\"potentialAction\":[{\"@type\":\"SearchAction\",\"target\":{\"@type\":\"EntryPoint\",\"urlTemplate\":\"https:\/\/championsacademy.ch\/?s={search_term_string}\"},\"query-input\":{\"@type\":\"PropertyValueSpecification\",\"valueRequired\":true,\"valueName\":\"search_term_string\"}}],\"inLanguage\":\"en-US\"}]}<\/script>\n<!-- \/ Yoast SEO plugin. -->","yoast_head_json":{"title":"Program - Country Club Geneva | Champions Academy","description":"\u00c0 la Champions Academy, les camps sont adapt\u00e9s \u00e0 tous les enfants, quels que soient leur \u00e2ge et leur niveau d\u2019exp\u00e9rience.","robots":{"index":"index","follow":"follow","max-snippet":"max-snippet:-1","max-image-preview":"max-image-preview:large","max-video-preview":"max-video-preview:-1"},"canonical":"https:\/\/championsacademy.ch\/en\/program\/","og_locale":"en_US","og_type":"article","og_title":"Program - Country Club Geneva | Champions Academy","og_description":"\u00c0 la Champions Academy, les camps sont adapt\u00e9s \u00e0 tous les enfants, quels que soient leur \u00e2ge et leur niveau d\u2019exp\u00e9rience.","og_url":"https:\/\/championsacademy.ch\/en\/program\/","og_site_name":"Country Club Geneva | Champions Academy","article_modified_time":"2026-02-02T10:09:31+00:00","twitter_card":"summary_large_image","twitter_misc":{"Est. reading time":"4 minutes"},"schema":{"@context":"https:\/\/schema.org","@graph":[{"@type":"WebPage","@id":"https:\/\/championsacademy.ch\/en\/program\/","url":"https:\/\/championsacademy.ch\/en\/program\/","name":"Program - Country Club Geneva | Champions Academy","isPartOf":{"@id":"https:\/\/championsacademy.ch\/#website"},"datePublished":"2016-02-23T14:47:22+00:00","dateModified":"2026-02-02T10:09:31+00:00","description":"\u00c0 la Champions Academy, les camps sont adapt\u00e9s \u00e0 tous les enfants, quels que soient leur \u00e2ge et leur niveau d\u2019exp\u00e9rience.","breadcrumb":{"@id":"https:\/\/championsacademy.ch\/en\/program\/#breadcrumb"},"inLanguage":"en-US","potentialAction":[{"@type":"ReadAction","target":["https:\/\/championsacademy.ch\/en\/program\/"]}]},{"@type":"BreadcrumbList","@id":"https:\/\/championsacademy.ch\/en\/program\/#breadcrumb","itemListElement":[{"@type":"ListItem","position":1,"name":"Accueil","item":"https:\/\/championsacademy.ch\/en\/"},{"@type":"ListItem","position":2,"name":"Program"}]},{"@type":"WebSite","@id":"https:\/\/championsacademy.ch\/#website","url":"https:\/\/championsacademy.ch\/","name":"Country Club Geneva | Champions Academy","description":"Summer Camps","potentialAction":[{"@type":"SearchAction","target":{"@type":"EntryPoint","urlTemplate":"https:\/\/championsacademy.ch\/?s={search_term_string}"},"query-input":{"@type":"PropertyValueSpecification","valueRequired":true,"valueName":"search_term_string"}}],"inLanguage":"en-US"}]}},"_links":{"self":[{"href":"https:\/\/championsacademy.ch\/en\/wp-json\/wp\/v2\/pages\/4240","targetHints":{"allow":["GET"]}}],"collection":[{"href":"https:\/\/championsacademy.ch\/en\/wp-json\/wp\/v2\/pages"}],"about":[{"href":"https:\/\/championsacademy.ch\/en\/wp-json\/wp\/v2\/types\/page"}],"author":[{"embeddable":true,"href":"https:\/\/championsacademy.ch\/en\/wp-json\/wp\/v2\/users\/1"}],"replies":[{"embeddable":true,"href":"https:\/\/championsacademy.ch\/en\/wp-json\/wp\/v2\/comments?post=4240"}],"version-history":[{"count":32,"href":"https:\/\/championsacademy.ch\/en\/wp-json\/wp\/v2\/pages\/4240\/revisions"}],"predecessor-version":[{"id":28303,"href":"https:\/\/championsacademy.ch\/en\/wp-json\/wp\/v2\/pages\/4240\/revisions\/28303"}],"wp:attachment":[{"href":"https:\/\/championsacademy.ch\/en\/wp-json\/wp\/v2\/media?parent=4240"}],"curies":[{"name":"wp","href":"https:\/\/api.w.org\/{rel}","templated":true}]}}